{"id":1063,"date":"2014-05-07T22:11:26","date_gmt":"2014-05-07T20:11:26","guid":{"rendered":"http:\/\/schuetzenverein-schmuttertal-biburg.de\/?page_id=1063"},"modified":"2017-08-31T01:06:41","modified_gmt":"2017-08-30T23:06:41","slug":"flohmarkt","status":"publish","type":"page","link":"https:\/\/schuetzenverein-schmuttertal-biburg.de\/?page_id=1063","title":{"rendered":"Flohmarkt Formular"},"content":{"rendered":"<p>Lieber Besucher,<br \/>\nhier k\u00f6nnt Ihr Schie\u00dfzubeh\u00f6r zum Verkauf anbieten. Bitte beschreibt diese Sachen so genau wie m\u00f6glich (z.B. Gr\u00f6\u00dfe, Alter, Zustand) und schreibt einen realistischen Preis dazu.<\/p>\n<p>1. Bezeichnung<br \/>\n2. Zustand (zwischen 1-6, 1=sehr Gut)<br \/>\n3. Alter<br \/>\n4. Gr\u00f6\u00dfe<br \/>\n5. Preis<br \/>\n6. was man sonst noch wissen sollte<\/p>\n<p><strong>z.B. in Ihre Nachricht so eintragen<br \/>\n<\/strong><br \/>\nzu 1. Damen-Schie\u00dfhose<br \/>\nzu 2. 2<br \/>\nzu 3. 2 Jahre<br \/>\nzu 4. 40<br \/>\nzu 5. zu verschenken, oder eben den Preis<br \/>\nzu 6. z.B. Reisverschluss am linken Hosenbein klemmt ein wenig<\/p>\n<p><strong>\n<div class=\"wpcf7 no-js\" id=\"wpcf7-f2555-o1\" lang=\"de-DE\" dir=\"ltr\" data-wpcf7-id=\"2555\">\n<div class=\"screen-reader-response\"><p role=\"status\" aria-live=\"polite\" aria-atomic=\"true\"><\/p> <ul><\/ul><\/div>\n<form action=\"\/index.php?rest_route=%2Fwp%2Fv2%2Fpages%2F1063#wpcf7-f2555-o1\" method=\"post\" class=\"wpcf7-form init\" aria-label=\"Kontaktformular\" enctype=\"multipart\/form-data\" novalidate=\"novalidate\" data-status=\"init\">\n<fieldset class=\"hidden-fields-container\"><input type=\"hidden\" name=\"_wpcf7\" value=\"2555\" \/><input type=\"hidden\" name=\"_wpcf7_version\" value=\"6.1.5\" \/><input type=\"hidden\" name=\"_wpcf7_locale\" value=\"de_DE\" \/><input type=\"hidden\" name=\"_wpcf7_unit_tag\" value=\"wpcf7-f2555-o1\" \/><input type=\"hidden\" name=\"_wpcf7_container_post\" value=\"0\" \/><input type=\"hidden\" name=\"_wpcf7_posted_data_hash\" value=\"\" \/>\n<\/fieldset>\n<p><script src=\"https:\/\/www.google.com\/recaptcha\/enterprise.js?render=6Ldfm4oqAAAAAFZJCq58WaGY8Q8DZv9gWkngs8UY\"><\/script><br \/>\n<label> Ihr Name (Pflichtfeld)<br \/>\n<span class=\"wpcf7-form-control-wrap\" data-name=\"your-name\"><input size=\"40\" maxlength=\"400\" class=\"wpcf7-form-control wpcf7-text wpcf7-validates-as-required\" aria-required=\"true\" aria-invalid=\"false\" value=\"\" type=\"text\" name=\"your-name\" \/><\/span> <\/label>\n<\/p>\n<p><label> Ihre E-Mail-Adresse (Pflichtfeld)<br \/>\n<span class=\"wpcf7-form-control-wrap\" data-name=\"your-email\"><input size=\"40\" maxlength=\"400\" class=\"wpcf7-form-control wpcf7-email wpcf7-validates-as-required wpcf7-text wpcf7-validates-as-email\" aria-required=\"true\" aria-invalid=\"false\" value=\"\" type=\"email\" name=\"your-email\" \/><\/span> <\/label>\n<\/p>\n<p><label> Betreff (Pflichtfeld)<br \/>\n<span class=\"wpcf7-form-control-wrap\" data-name=\"your-subject\"><input size=\"40\" maxlength=\"400\" class=\"wpcf7-form-control wpcf7-text\" aria-invalid=\"false\" value=\"\" type=\"text\" name=\"your-subject\" \/><\/span> <\/label>\n<\/p>\n<p>Telefonnummer\n<\/p>\n<p><span class=\"wpcf7-form-control-wrap\" data-name=\"your-subject\"><input size=\"40\" maxlength=\"400\" class=\"wpcf7-form-control wpcf7-text\" aria-invalid=\"false\" value=\"\" type=\"text\" name=\"your-subject\" \/><\/span>\n<\/p>\n<p>Datei hochladen (max. 5 MB)<br \/>\n<span class=\"wpcf7-form-control-wrap\" data-name=\"file-237\"><input size=\"40\" class=\"wpcf7-form-control wpcf7-file\" accept=\".,.jpg,.jpeg,.bmp,.pdf,.txt,.doc,.docx\" aria-invalid=\"false\" type=\"file\" name=\"file-237\" \/><\/span>\n<\/p>\n<p><label> Ihre Nachricht<br \/>\n<span class=\"wpcf7-form-control-wrap\" data-name=\"your-message\"><textarea cols=\"40\" rows=\"10\" maxlength=\"2000\" class=\"wpcf7-form-control wpcf7-textarea\" aria-invalid=\"false\" name=\"your-message\"><\/textarea><\/span> <\/label>\n<\/p>\n<p><input class=\"wpcf7-form-control wpcf7-submit has-spinner\" type=\"submit\" value=\"Senden\" \/>\n<\/p><div class=\"wpcf7-response-output\" aria-hidden=\"true\"><\/div>\n<\/form>\n<\/div>\n<\/strong><\/p>\n<p>Nach Absenden dieser Nachricht, wird vom Webmaster der Gegenstand ver\u00f6ffentlicht.<\/p>\n","protected":false},"excerpt":{"rendered":"<p>Lieber Besucher, hier k\u00f6nnt Ihr Schie\u00dfzubeh\u00f6r zum Verkauf anbieten. Bitte beschreibt diese Sachen so genau <a class=\"more-link\" href=\"https:\/\/schuetzenverein-schmuttertal-biburg.de\/?page_id=1063\">weiterlesen &rarr;<\/a><\/p>\n","protected":false},"author":1,"featured_media":0,"parent":0,"menu_order":0,"comment_status":"closed","ping_status":"closed","template":"","meta":{"saved_in_kubio":false,"footnotes":""},"class_list":["post-1063","page","type-page","status-publish","hentry"],"kubio_ai_page_context":{"short_desc":"","purpose":"general"},"_links":{"self":[{"href":"https:\/\/schuetzenverein-schmuttertal-biburg.de\/index.php?rest_route=\/wp\/v2\/pages\/1063","targetHints":{"allow":["GET"]}}],"collection":[{"href":"https:\/\/schuetzenverein-schmuttertal-biburg.de\/index.php?rest_route=\/wp\/v2\/pages"}],"about":[{"href":"https:\/\/schuetzenverein-schmuttertal-biburg.de\/index.php?rest_route=\/wp\/v2\/types\/page"}],"author":[{"embeddable":true,"href":"https:\/\/schuetzenverein-schmuttertal-biburg.de\/index.php?rest_route=\/wp\/v2\/users\/1"}],"replies":[{"embeddable":true,"href":"https:\/\/schuetzenverein-schmuttertal-biburg.de\/index.php?rest_route=%2Fwp%2Fv2%2Fcomments&post=1063"}],"version-history":[{"count":10,"href":"https:\/\/schuetzenverein-schmuttertal-biburg.de\/index.php?rest_route=\/wp\/v2\/pages\/1063\/revisions"}],"predecessor-version":[{"id":2558,"href":"https:\/\/schuetzenverein-schmuttertal-biburg.de\/index.php?rest_route=\/wp\/v2\/pages\/1063\/revisions\/2558"}],"wp:attachment":[{"href":"https:\/\/schuetzenverein-schmuttertal-biburg.de\/index.php?rest_route=%2Fwp%2Fv2%2Fmedia&parent=1063"}],"curies":[{"name":"wp","href":"https:\/\/api.w.org\/{rel}","templated":true}]}}