{"id":1242,"date":"2014-09-12T00:00:10","date_gmt":"2014-09-11T22:00:10","guid":{"rendered":"http:\/\/schuetzenverein-schmuttertal-biburg.de\/?page_id=1242"},"modified":"2026-03-18T13:09:35","modified_gmt":"2026-03-18T12:09:35","slug":"startseite","status":"publish","type":"page","link":"https:\/\/schuetzenverein-schmuttertal-biburg.de\/","title":{"rendered":"Startseite"},"content":{"rendered":"\n<p>Es gibt Neuigkeiten!<\/p>\n\n\n\n<p>Ab sofort k\u00f6nnt ihr ganz bequem von zu Hause aus unsere Vereinsartikel shoppen! In unserem neuen Onlineshop findet ihr unsere neu designte Vereinsbekleidung. Ob Funktionsw\u00e4sche zum Schie\u00dfen oder stylische Oberteile und Hosen, es ist f\u00fcr jeden etwas dabei. <\/p>\n\n\n\n<p>Hier geht&#8217;s zum Shop: <a href=\"https:\/\/team.jako.com\/de-de\/team\/schuetzenverein_schmuttertal_biburg\/\">https:\/\/team.jako.com\/de-de\/team\/schuetzenverein_schmuttertal_biburg\/<\/a><\/p>\n\n\n\n<p><\/p>\n","protected":false},"excerpt":{"rendered":"<p>Es gibt Neuigkeiten! Ab sofort k\u00f6nnt ihr ganz bequem von zu Hause aus unsere Vereinsartikel <a class=\"more-link\" href=\"https:\/\/schuetzenverein-schmuttertal-biburg.de\/\">weiterlesen &rarr;<\/a><\/p>\n","protected":false},"author":1,"featured_media":0,"parent":0,"menu_order":0,"comment_status":"closed","ping_status":"closed","template":"","meta":{"saved_in_kubio":true,"footnotes":""},"class_list":["post-1242","page","type-page","status-publish","hentry"],"kubio_ai_page_context":{"short_desc":"","purpose":"general"},"_links":{"self":[{"href":"https:\/\/schuetzenverein-schmuttertal-biburg.de\/index.php?rest_route=\/wp\/v2\/pages\/1242","targetHints":{"allow":["GET"]}}],"collection":[{"href":"https:\/\/schuetzenverein-schmuttertal-biburg.de\/index.php?rest_route=\/wp\/v2\/pages"}],"about":[{"href":"https:\/\/schuetzenverein-schmuttertal-biburg.de\/index.php?rest_route=\/wp\/v2\/types\/page"}],"author":[{"embeddable":true,"href":"https:\/\/schuetzenverein-schmuttertal-biburg.de\/index.php?rest_route=\/wp\/v2\/users\/1"}],"replies":[{"embeddable":true,"href":"https:\/\/schuetzenverein-schmuttertal-biburg.de\/index.php?rest_route=%2Fwp%2Fv2%2Fcomments&post=1242"}],"version-history":[{"count":314,"href":"https:\/\/schuetzenverein-schmuttertal-biburg.de\/index.php?rest_route=\/wp\/v2\/pages\/1242\/revisions"}],"predecessor-version":[{"id":4839,"href":"https:\/\/schuetzenverein-schmuttertal-biburg.de\/index.php?rest_route=\/wp\/v2\/pages\/1242\/revisions\/4839"}],"wp:attachment":[{"href":"https:\/\/schuetzenverein-schmuttertal-biburg.de\/index.php?rest_route=%2Fwp%2Fv2%2Fmedia&parent=1242"}],"curies":[{"name":"wp","href":"https:\/\/api.w.org\/{rel}","templated":true}]}}