{"id":1377,"date":"2014-05-20T14:53:55","date_gmt":"2014-05-20T12:53:55","guid":{"rendered":"http:\/\/schuetzenverein-schmuttertal-biburg.de\/?page_id=1377"},"modified":"2026-03-17T14:07:01","modified_gmt":"2026-03-17T13:07:01","slug":"mitgliedschaft","status":"publish","type":"page","link":"https:\/\/schuetzenverein-schmuttertal-biburg.de\/?page_id=1377","title":{"rendered":"Mitgliedschaft"},"content":{"rendered":"<p>Um Mitglied des Sch\u00fctzenvereins Schmuttertal Biburg e.V. zu werden, wird zun\u00e4chst ein komplett ausgef\u00fcllter <a href=\"https:\/\/schuetzenverein-schmuttertal-biburg.de\/wp-content\/uploads\/Aufnahmeantrag_20210731_divers_bearbeitbar.pdf\">Aufnahmeantrag<\/a> ben\u00f6tigt. Bei Jugendlichen unter 18 Jahren muss dieser von einem Erziehungsberechtigten unterzeichnet sein. Bei Kindern unter 12 Jahren, die bereits mit Luftdruckwaffen schie\u00dfen wollen, muss zus\u00e4tzlich diese <a href=\"https:\/\/schuetzenverein-schmuttertal-biburg.de\/wp-content\/uploads\/Antrag-auf-Ausnahmegenehmigung-bearbeitbar.pdf\">Ausnahmegenehmigung<\/a> ausgef\u00fcllt werden.<br \/><strong>Beitr\u00e4ge werden grunds\u00e4tzlich per Bankeinzugsverfahren entrichtet!<\/strong><\/p>\n\n\n<p><\/p>\n\n\n\n<p><\/p>\n","protected":false},"excerpt":{"rendered":"<p>Um Mitglied des Sch\u00fctzenvereins Schmuttertal Biburg e.V. zu werden, wird zun\u00e4chst ein komplett ausgef\u00fcllter Aufnahmeantrag <a class=\"more-link\" href=\"https:\/\/schuetzenverein-schmuttertal-biburg.de\/?page_id=1377\">weiterlesen &rarr;<\/a><\/p>\n","protected":false},"author":1,"featured_media":0,"parent":0,"menu_order":0,"comment_status":"closed","ping_status":"closed","template":"","meta":{"saved_in_kubio":false,"footnotes":""},"class_list":["post-1377","page","type-page","status-publish","hentry"],"kubio_ai_page_context":{"short_desc":"","purpose":"general"},"_links":{"self":[{"href":"https:\/\/schuetzenverein-schmuttertal-biburg.de\/index.php?rest_route=\/wp\/v2\/pages\/1377","targetHints":{"allow":["GET"]}}],"collection":[{"href":"https:\/\/schuetzenverein-schmuttertal-biburg.de\/index.php?rest_route=\/wp\/v2\/pages"}],"about":[{"href":"https:\/\/schuetzenverein-schmuttertal-biburg.de\/index.php?rest_route=\/wp\/v2\/types\/page"}],"author":[{"embeddable":true,"href":"https:\/\/schuetzenverein-schmuttertal-biburg.de\/index.php?rest_route=\/wp\/v2\/users\/1"}],"replies":[{"embeddable":true,"href":"https:\/\/schuetzenverein-schmuttertal-biburg.de\/index.php?rest_route=%2Fwp%2Fv2%2Fcomments&post=1377"}],"version-history":[{"count":19,"href":"https:\/\/schuetzenverein-schmuttertal-biburg.de\/index.php?rest_route=\/wp\/v2\/pages\/1377\/revisions"}],"predecessor-version":[{"id":4768,"href":"https:\/\/schuetzenverein-schmuttertal-biburg.de\/index.php?rest_route=\/wp\/v2\/pages\/1377\/revisions\/4768"}],"wp:attachment":[{"href":"https:\/\/schuetzenverein-schmuttertal-biburg.de\/index.php?rest_route=%2Fwp%2Fv2%2Fmedia&parent=1377"}],"curies":[{"name":"wp","href":"https:\/\/api.w.org\/{rel}","templated":true}]}}