{"id":1414,"date":"2014-05-23T00:43:52","date_gmt":"2014-05-22T22:43:52","guid":{"rendered":"http:\/\/schuetzenverein-schmuttertal-biburg.de\/?page_id=1414"},"modified":"2025-03-14T11:53:03","modified_gmt":"2025-03-14T10:53:03","slug":"kontakt-2","status":"publish","type":"page","link":"https:\/\/schuetzenverein-schmuttertal-biburg.de\/?page_id=1414","title":{"rendered":"Kontakt"},"content":{"rendered":"<p>Sch\u00fctzenheim im Keller vom<br \/>\nB\u00fcrgerhaus Biburg<br \/>\nRommelsrieder Str. 7 (Eingang Lindenbergstra\u00dfe)<br \/>\n86420 Biburg\/Diedorf<\/p>\n<p style=\"text-align: left;\"><span style=\"text-decoration: underline;\"><strong><a href=\"https:\/\/schuetzenverein-schmuttertal-biburg.de\/wp-content\/uploads\/Anfahrt-Sch\u00fctzenheim.jpg\"><img loading=\"lazy\" decoding=\"async\" class=\"aligncenter size-full wp-image-2043\" src=\"https:\/\/schuetzenverein-schmuttertal-biburg.de\/wp-content\/uploads\/Anfahrt-Sch\u00fctzenheim.jpg\" alt=\"Anfahrt Sch\u00fctzenheim\" width=\"1024\" height=\"768\" srcset=\"https:\/\/schuetzenverein-schmuttertal-biburg.de\/wp-content\/uploads\/Anfahrt-Sch\u00fctzenheim.jpg 1024w, https:\/\/schuetzenverein-schmuttertal-biburg.de\/wp-content\/uploads\/Anfahrt-Sch\u00fctzenheim-300x225.jpg 300w\" sizes=\"(max-width: 1024px) 100vw, 1024px\" \/><\/a>1. Sch\u00fctzenmeister:<br \/>\n<\/strong><\/span><strong>Peter Schneider<\/strong><strong> \u00a0\u00a0 <\/strong><a href=\"mailto:peter.schneider@schuetzenverein-schmuttertal-biburg.de\">Peter.schneider@schuetzenverein-schmuttertal-biburg.de<\/a><br \/>\nTel.: 0821 4863486<\/p>\n<p><span style=\"text-decoration: underline;\"><strong>Webmaster:<\/strong><\/span><br \/>\n<strong>Madlen Bertele \u00a0\u00a0 <\/strong><a href=\"mailto:webmaster@schuetzenverein-schmuttertal-biburg.de\">webmaster@schuetzenverein-schmuttertal-biburg.de<\/a><\/p>\n<p><span style=\"text-decoration: underline; color: #339966;\"><strong>F\u00fcr Kritik, oder Anregungen an den Webmaster,<br \/>\nbitte das untenstehende Formular vollst\u00e4ndig ausf\u00fcllen.<\/strong><\/span><\/p>\n\n<div class=\"wpcf7 no-js\" id=\"wpcf7-f2553-o1\" lang=\"de-DE\" dir=\"ltr\" data-wpcf7-id=\"2553\">\n<div class=\"screen-reader-response\"><p role=\"status\" aria-live=\"polite\" aria-atomic=\"true\"><\/p> <ul><\/ul><\/div>\n<form action=\"\/index.php?rest_route=%2Fwp%2Fv2%2Fpages%2F1414#wpcf7-f2553-o1\" method=\"post\" class=\"wpcf7-form init\" aria-label=\"Kontaktformular\" enctype=\"multipart\/form-data\" novalidate=\"novalidate\" data-status=\"init\">\n<fieldset class=\"hidden-fields-container\"><input type=\"hidden\" name=\"_wpcf7\" value=\"2553\" \/><input type=\"hidden\" name=\"_wpcf7_version\" value=\"6.1.6\" \/><input type=\"hidden\" name=\"_wpcf7_locale\" value=\"de_DE\" \/><input type=\"hidden\" name=\"_wpcf7_unit_tag\" value=\"wpcf7-f2553-o1\" \/><input type=\"hidden\" name=\"_wpcf7_container_post\" value=\"0\" \/><input type=\"hidden\" name=\"_wpcf7_posted_data_hash\" value=\"\" \/>\n<\/fieldset>\n<p><script src=\"https:\/\/www.google.com\/recaptcha\/enterprise.js?render=6Ldfm4oqAAAAAFZJCq58WaGY8Q8DZv9gWkngs8UY\"><\/script><br \/>\n<label> Ihr Name (Pflichtfeld)<br \/>\n<span class=\"wpcf7-form-control-wrap\" data-name=\"your-name\"><input size=\"40\" maxlength=\"400\" class=\"wpcf7-form-control wpcf7-text wpcf7-validates-as-required\" aria-required=\"true\" aria-invalid=\"false\" value=\"\" type=\"text\" name=\"your-name\" \/><\/span> <\/label>\n<\/p>\n<p><label> Ihre E-Mail-Adresse (Pflichtfeld)<br \/>\n<span class=\"wpcf7-form-control-wrap\" data-name=\"your-email\"><input size=\"40\" maxlength=\"400\" class=\"wpcf7-form-control wpcf7-email wpcf7-validates-as-required wpcf7-text wpcf7-validates-as-email\" aria-required=\"true\" aria-invalid=\"false\" value=\"\" type=\"email\" name=\"your-email\" \/><\/span> <\/label>\n<\/p>\n<p><label> Betreff (Pflichtfeld)<br \/>\n<span class=\"wpcf7-form-control-wrap\" data-name=\"your-subject\"><input size=\"40\" maxlength=\"400\" class=\"wpcf7-form-control wpcf7-text\" aria-invalid=\"false\" value=\"\" type=\"text\" name=\"your-subject\" \/><\/span> <\/label>\n<\/p>\n<p>Datei hochladen (max. 5MB)<br \/>\n<span class=\"wpcf7-form-control-wrap\" data-name=\"file-237\"><input size=\"40\" class=\"wpcf7-form-control wpcf7-file\" accept=\".,.jpg,.jpeg,.bmp,.pdf,.txt,.doc,.docx\" aria-invalid=\"false\" type=\"file\" name=\"file-237\" \/><\/span>\n<\/p>\n<p><label> Ihre Nachricht<br \/>\n<span class=\"wpcf7-form-control-wrap\" data-name=\"your-message\"><textarea cols=\"40\" rows=\"10\" maxlength=\"2000\" class=\"wpcf7-form-control wpcf7-textarea\" aria-invalid=\"false\" name=\"your-message\"><\/textarea><\/span> <\/label>\n<\/p>\n<p><input class=\"wpcf7-form-control wpcf7-submit has-spinner\" type=\"submit\" value=\"Senden\" \/>\n<\/p><div class=\"wpcf7-response-output\" aria-hidden=\"true\"><\/div>\n<\/form>\n<\/div>\n\n","protected":false},"excerpt":{"rendered":"<p>Sch\u00fctzenheim im Keller vom B\u00fcrgerhaus Biburg Rommelsrieder Str. 7 (Eingang Lindenbergstra\u00dfe) 86420 Biburg\/Diedorf 1. Sch\u00fctzenmeister: <a class=\"more-link\" href=\"https:\/\/schuetzenverein-schmuttertal-biburg.de\/?page_id=1414\">weiterlesen &rarr;<\/a><\/p>\n","protected":false},"author":1,"featured_media":0,"parent":0,"menu_order":0,"comment_status":"closed","ping_status":"closed","template":"","meta":{"saved_in_kubio":false,"footnotes":""},"class_list":["post-1414","page","type-page","status-publish","hentry"],"kubio_ai_page_context":{"short_desc":"","purpose":"general"},"_links":{"self":[{"href":"https:\/\/schuetzenverein-schmuttertal-biburg.de\/index.php?rest_route=\/wp\/v2\/pages\/1414","targetHints":{"allow":["GET"]}}],"collection":[{"href":"https:\/\/schuetzenverein-schmuttertal-biburg.de\/index.php?rest_route=\/wp\/v2\/pages"}],"about":[{"href":"https:\/\/schuetzenverein-schmuttertal-biburg.de\/index.php?rest_route=\/wp\/v2\/types\/page"}],"author":[{"embeddable":true,"href":"https:\/\/schuetzenverein-schmuttertal-biburg.de\/index.php?rest_route=\/wp\/v2\/users\/1"}],"replies":[{"embeddable":true,"href":"https:\/\/schuetzenverein-schmuttertal-biburg.de\/index.php?rest_route=%2Fwp%2Fv2%2Fcomments&post=1414"}],"version-history":[{"count":30,"href":"https:\/\/schuetzenverein-schmuttertal-biburg.de\/index.php?rest_route=\/wp\/v2\/pages\/1414\/revisions"}],"predecessor-version":[{"id":4152,"href":"https:\/\/schuetzenverein-schmuttertal-biburg.de\/index.php?rest_route=\/wp\/v2\/pages\/1414\/revisions\/4152"}],"wp:attachment":[{"href":"https:\/\/schuetzenverein-schmuttertal-biburg.de\/index.php?rest_route=%2Fwp%2Fv2%2Fmedia&parent=1414"}],"curies":[{"name":"wp","href":"https:\/\/api.w.org\/{rel}","templated":true}]}}