{"id":362,"date":"2014-04-25T23:03:40","date_gmt":"2014-04-25T23:03:40","guid":{"rendered":"http:\/\/schuetzenverein-schmuttertal-biburg.de\/?page_id=362"},"modified":"2025-03-13T14:03:19","modified_gmt":"2025-03-13T13:03:19","slug":"training","status":"publish","type":"page","link":"https:\/\/schuetzenverein-schmuttertal-biburg.de\/?page_id=362","title":{"rendered":"Training Luftdruckwaffen"},"content":{"rendered":"<p>Wir begr\u00fc\u00dfen ganz herzlich die Freunde des <a href=\"http:\/\/de.wikipedia.org\/wiki\/Sportschie%C3%9Fen\" target=\"_blank\" rel=\"noopener noreferrer\">Luftdruck &#8211; Schie\u00dfsports!<\/a><\/p>\n<p style=\"text-align: center;\"><a href=\"https:\/\/schuetzenverein-schmuttertal-biburg.de\/wp-content\/uploads\/2014\/04\/IMG_8939_1.jpg\" target=\"_blank\" rel=\"noopener noreferrer\"><img loading=\"lazy\" decoding=\"async\" class=\" wp-image-1043 aligncenter\" src=\"https:\/\/schuetzenverein-schmuttertal-biburg.de\/wp-content\/uploads\/2014\/04\/IMG_8939_1.jpg\" alt=\"IMG_8939_1\" width=\"2211\" height=\"1057\" srcset=\"https:\/\/schuetzenverein-schmuttertal-biburg.de\/wp-content\/uploads\/2014\/04\/IMG_8939_1.jpg 2211w, https:\/\/schuetzenverein-schmuttertal-biburg.de\/wp-content\/uploads\/2014\/04\/IMG_8939_1-300x143.jpg 300w, https:\/\/schuetzenverein-schmuttertal-biburg.de\/wp-content\/uploads\/2014\/04\/IMG_8939_1-1024x489.jpg 1024w\" sizes=\"(max-width: 2211px) 100vw, 2211px\" \/><\/a><\/p>\n<p style=\"text-align: center;\">Schnuppertraining f\u00fcr alle Altersgruppen ist immer zu den Trainingszeiten m\u00f6glich.<br \/>\n<span style=\"color: #ff0000;\"><strong><span style=\"text-decoration: underline;\">Bitte das Anmeldeformular unten benutzen.<\/span><\/strong><\/span><\/p>\n<p style=\"text-align: center;\">Ab einem Alter von 12 Jahren darf mit Einverst\u00e4ndnis der Erziehnungsberechtigten geschossen werden. F\u00fcr Kinder ab 10 Jahren ist eine <a href=\"https:\/\/schuetzenverein-schmuttertal-biburg.de\/wp-content\/uploads\/Antrag-auf-Ausnahmegenehmigung.pdf\" target=\"_blank\" rel=\"noopener noreferrer\"><strong>Ausnahmegenehmigung<\/strong> <\/a>erforderlich.<\/p>\n<p style=\"text-align: center;\">Unser Verein verf\u00fcgt \u00fcber moderne<strong> <a href=\"https:\/\/de.wikipedia.org\/wiki\/Luftpistole\">Luftpistolen<\/a> <\/strong>und <strong><a href=\"https:\/\/de.wikipedia.org\/wiki\/Luftgewehr\">Luftgewehre<\/a><\/strong>, die zum Training, wie auch zu Wettk\u00e4mpfen in den verschiedenen Wettkampfklassen, zur Verf\u00fcgung stehen.<\/p>\n<h2>Unsere Trainingszeiten:<a href=\"https:\/\/schuetzenverein-schmuttertal-biburg.de\/wp-content\/uploads\/2014\/04\/Pistolenscheibe2_17T.jpg\" target=\"_blank\" rel=\"noopener noreferrer\"><img loading=\"lazy\" decoding=\"async\" class=\"alignleft wp-image-972\" src=\"https:\/\/schuetzenverein-schmuttertal-biburg.de\/wp-content\/uploads\/2014\/04\/Pistolenscheibe2_17T-160x200.jpg\" alt=\"Pistolenscheibe2_17T\" width=\"164\" height=\"203\" \/><\/a><\/h2>\n<p><strong>Freitags:<\/strong><\/p>\n<p>Jugend: 18:00 Uhr bis 20:00 Uhr<\/p>\n<p>Erwachsene: 20:00 Uhr bis 21:30 Uhr<\/p>\n<h1 style=\"text-align: center;\"><span style=\"text-decoration: underline; color: #000000;\">Anfahrtsplan<\/span><\/h1>\n<p style=\"text-align: center;\">Unser Sch\u00fctzenheim befindet sich im Keller vom B\u00fcrgerhaus Biburg<\/p>\n<p style=\"text-align: center;\">Rommelsrieder Str. 7 (Eingang Lindenbergstra\u00dfe)<br \/>\n86420 Biburg.<\/p>\n<p style=\"text-align: left;\"><a href=\"https:\/\/schuetzenverein-schmuttertal-biburg.de\/wp-content\/uploads\/Anfahrt-Sch\u00fctzenheim.jpg\"><img loading=\"lazy\" decoding=\"async\" class=\"aligncenter size-full wp-image-2043\" src=\"https:\/\/schuetzenverein-schmuttertal-biburg.de\/wp-content\/uploads\/Anfahrt-Sch\u00fctzenheim.jpg\" alt=\"Anfahrt Sch\u00fctzenheim\" width=\"1024\" height=\"768\" srcset=\"https:\/\/schuetzenverein-schmuttertal-biburg.de\/wp-content\/uploads\/Anfahrt-Sch\u00fctzenheim.jpg 1024w, https:\/\/schuetzenverein-schmuttertal-biburg.de\/wp-content\/uploads\/Anfahrt-Sch\u00fctzenheim-300x225.jpg 300w\" sizes=\"(max-width: 1024px) 100vw, 1024px\" \/><\/a><span style=\"color: #00cc10;\"><strong><span style=\"text-decoration: underline;\">Anmeldung zum Training<\/span><\/strong><\/span><\/p>\n<p>Bitte bei &#8222;Ihre Nachricht&#8220; den gew\u00fcnschten Trainingtag mit mindestens 2 Tage Vorlauf eintragen. Nachdem man sich angemeldet hat, sendet der Trainer ein Best\u00e4tigungsmail f\u00fcr das Probeschie\u00dfen und erst dann ist der Termin fix.<\/p>\n<p><strong>\n<div class=\"wpcf7 no-js\" id=\"wpcf7-f2550-o1\" lang=\"de-DE\" dir=\"ltr\" data-wpcf7-id=\"2550\">\n<div class=\"screen-reader-response\"><p role=\"status\" aria-live=\"polite\" aria-atomic=\"true\"><\/p> <ul><\/ul><\/div>\n<form action=\"\/index.php?rest_route=%2Fwp%2Fv2%2Fpages%2F362#wpcf7-f2550-o1\" method=\"post\" class=\"wpcf7-form init\" aria-label=\"Kontaktformular\" novalidate=\"novalidate\" data-status=\"init\">\n<fieldset class=\"hidden-fields-container\"><input type=\"hidden\" name=\"_wpcf7\" value=\"2550\" \/><input type=\"hidden\" name=\"_wpcf7_version\" value=\"6.1.5\" \/><input type=\"hidden\" name=\"_wpcf7_locale\" value=\"de_DE\" \/><input type=\"hidden\" name=\"_wpcf7_unit_tag\" value=\"wpcf7-f2550-o1\" \/><input type=\"hidden\" name=\"_wpcf7_container_post\" value=\"0\" \/><input type=\"hidden\" name=\"_wpcf7_posted_data_hash\" value=\"\" \/>\n<\/fieldset>\n<p><script src=\"https:\/\/www.google.com\/recaptcha\/enterprise.js?render=6Ldfm4oqAAAAAFZJCq58WaGY8Q8DZv9gWkngs8UY\"><\/script><br \/>\n<label> Ihr Name (Pflichtfeld)<br \/>\n<span class=\"wpcf7-form-control-wrap\" data-name=\"your-name\"><input size=\"40\" maxlength=\"400\" class=\"wpcf7-form-control wpcf7-text wpcf7-validates-as-required\" aria-required=\"true\" aria-invalid=\"false\" value=\"\" type=\"text\" name=\"your-name\" \/><\/span> <\/label>\n<\/p>\n<p><label> Ihre E-Mail-Adresse (Pflichtfeld)<br \/>\n<span class=\"wpcf7-form-control-wrap\" data-name=\"your-email\"><input size=\"40\" maxlength=\"400\" class=\"wpcf7-form-control wpcf7-email wpcf7-validates-as-required wpcf7-text wpcf7-validates-as-email\" aria-required=\"true\" aria-invalid=\"false\" value=\"\" type=\"email\" name=\"your-email\" \/><\/span> <\/label>\n<\/p>\n<p><label> Betreff (Pflichtfeld)<br \/>\n<span class=\"wpcf7-form-control-wrap\" data-name=\"your-subject\"><input size=\"40\" maxlength=\"400\" class=\"wpcf7-form-control wpcf7-text\" aria-invalid=\"false\" value=\"\" type=\"text\" name=\"your-subject\" \/><\/span> <\/label>\n<\/p>\n<p><label> Ihre Nachricht<br \/>\n<span class=\"wpcf7-form-control-wrap\" data-name=\"your-message\"><textarea cols=\"40\" rows=\"10\" maxlength=\"2000\" class=\"wpcf7-form-control wpcf7-textarea\" aria-invalid=\"false\" name=\"your-message\"><\/textarea><\/span> <\/label>\n<\/p>\n<p><input class=\"wpcf7-form-control wpcf7-submit has-spinner\" type=\"submit\" value=\"Senden\" \/>\n<\/p><div class=\"wpcf7-response-output\" aria-hidden=\"true\"><\/div>\n<\/form>\n<\/div>\n<\/strong><\/p>\n","protected":false},"excerpt":{"rendered":"<p>Wir begr\u00fc\u00dfen ganz herzlich die Freunde des Luftdruck &#8211; Schie\u00dfsports! Schnuppertraining f\u00fcr alle Altersgruppen ist <a class=\"more-link\" href=\"https:\/\/schuetzenverein-schmuttertal-biburg.de\/?page_id=362\">weiterlesen &rarr;<\/a><\/p>\n","protected":false},"author":1,"featured_media":0,"parent":0,"menu_order":0,"comment_status":"closed","ping_status":"closed","template":"","meta":{"saved_in_kubio":false,"footnotes":""},"class_list":["post-362","page","type-page","status-publish","hentry"],"kubio_ai_page_context":{"short_desc":"","purpose":"general"},"_links":{"self":[{"href":"https:\/\/schuetzenverein-schmuttertal-biburg.de\/index.php?rest_route=\/wp\/v2\/pages\/362","targetHints":{"allow":["GET"]}}],"collection":[{"href":"https:\/\/schuetzenverein-schmuttertal-biburg.de\/index.php?rest_route=\/wp\/v2\/pages"}],"about":[{"href":"https:\/\/schuetzenverein-schmuttertal-biburg.de\/index.php?rest_route=\/wp\/v2\/types\/page"}],"author":[{"embeddable":true,"href":"https:\/\/schuetzenverein-schmuttertal-biburg.de\/index.php?rest_route=\/wp\/v2\/users\/1"}],"replies":[{"embeddable":true,"href":"https:\/\/schuetzenverein-schmuttertal-biburg.de\/index.php?rest_route=%2Fwp%2Fv2%2Fcomments&post=362"}],"version-history":[{"count":89,"href":"https:\/\/schuetzenverein-schmuttertal-biburg.de\/index.php?rest_route=\/wp\/v2\/pages\/362\/revisions"}],"predecessor-version":[{"id":4130,"href":"https:\/\/schuetzenverein-schmuttertal-biburg.de\/index.php?rest_route=\/wp\/v2\/pages\/362\/revisions\/4130"}],"wp:attachment":[{"href":"https:\/\/schuetzenverein-schmuttertal-biburg.de\/index.php?rest_route=%2Fwp%2Fv2%2Fmedia&parent=362"}],"curies":[{"name":"wp","href":"https:\/\/api.w.org\/{rel}","templated":true}]}}