{"id":80,"date":"2014-04-10T20:10:01","date_gmt":"2014-04-10T20:10:01","guid":{"rendered":"http:\/\/schuetzenverein-schmuttertal-biburg.de\/?page_id=80"},"modified":"2025-03-16T15:03:04","modified_gmt":"2025-03-16T14:03:04","slug":"jugend","status":"publish","type":"page","link":"https:\/\/schuetzenverein-schmuttertal-biburg.de\/?page_id=80","title":{"rendered":"Die Jungen"},"content":{"rendered":"\n<p>Momentan haben wir leider keine Mannschaften f\u00fcr die Jugend \ud83d\ude41<\/p>\n\n\n\n<p>Wir w\u00fcrden uns \u00fcber jeden Nachwuchs freuen, damit wieder Mannschaften entstehen k\u00f6nnen. Also kommt einfach mal vorbei, wenn ihr Lust habt!<br><\/p>\n\n\n\n<p>F\u00fcr die Ergebnisse der Jahre davor klicken <a href=\"https:\/\/schuetzenverein-schmuttertal-biburg.de\/?page_id=4185\" data-type=\"page\" data-id=\"4185\">hier klicken<\/a>.<\/p>\n","protected":false},"excerpt":{"rendered":"<p>Momentan haben wir leider keine Mannschaften f\u00fcr die Jugend \ud83d\ude41 Wir w\u00fcrden uns \u00fcber jeden <a class=\"more-link\" href=\"https:\/\/schuetzenverein-schmuttertal-biburg.de\/?page_id=80\">weiterlesen &rarr;<\/a><\/p>\n","protected":false},"author":1,"featured_media":0,"parent":0,"menu_order":0,"comment_status":"closed","ping_status":"closed","template":"","meta":{"saved_in_kubio":false,"footnotes":""},"class_list":["post-80","page","type-page","status-publish","hentry"],"kubio_ai_page_context":{"short_desc":"","purpose":"general"},"_links":{"self":[{"href":"https:\/\/schuetzenverein-schmuttertal-biburg.de\/index.php?rest_route=\/wp\/v2\/pages\/80","targetHints":{"allow":["GET"]}}],"collection":[{"href":"https:\/\/schuetzenverein-schmuttertal-biburg.de\/index.php?rest_route=\/wp\/v2\/pages"}],"about":[{"href":"https:\/\/schuetzenverein-schmuttertal-biburg.de\/index.php?rest_route=\/wp\/v2\/types\/page"}],"author":[{"embeddable":true,"href":"https:\/\/schuetzenverein-schmuttertal-biburg.de\/index.php?rest_route=\/wp\/v2\/users\/1"}],"replies":[{"embeddable":true,"href":"https:\/\/schuetzenverein-schmuttertal-biburg.de\/index.php?rest_route=%2Fwp%2Fv2%2Fcomments&post=80"}],"version-history":[{"count":7,"href":"https:\/\/schuetzenverein-schmuttertal-biburg.de\/index.php?rest_route=\/wp\/v2\/pages\/80\/revisions"}],"predecessor-version":[{"id":4320,"href":"https:\/\/schuetzenverein-schmuttertal-biburg.de\/index.php?rest_route=\/wp\/v2\/pages\/80\/revisions\/4320"}],"wp:attachment":[{"href":"https:\/\/schuetzenverein-schmuttertal-biburg.de\/index.php?rest_route=%2Fwp%2Fv2%2Fmedia&parent=80"}],"curies":[{"name":"wp","href":"https:\/\/api.w.org\/{rel}","templated":true}]}}