{"id":89,"date":"2014-04-10T20:20:14","date_gmt":"2014-04-10T20:20:14","guid":{"rendered":"http:\/\/schuetzenverein-schmuttertal-biburg.de\/?page_id=89"},"modified":"2017-03-05T12:25:11","modified_gmt":"2017-03-05T11:25:11","slug":"fotogalerie","status":"publish","type":"page","link":"https:\/\/schuetzenverein-schmuttertal-biburg.de\/?page_id=89","title":{"rendered":"Fotogalerie"},"content":{"rendered":"<address><strong>Hier gibt es einen kleinen Auszug unserer Veranstaltungen.<\/strong><\/address>\n<p>Um die Fotos anzuschauen auf ein Bild klicken,<br \/>\ndann wird das Bild ein wenig vergr\u00f6\u00dfert und man kann von einem Bild zum Anderen bl\u00e4ttern, sowie die Bilder im Vollbildmodus anschauen.<br \/>\nMit der Taste esc geht man aus dem Vollbildmodus raus.<br \/>\nMit der Playtaste (kleines Dreieck) startet man eine&#8220; Diaschau&#8220;.<\/p>\n<p><strong>Viel Spa\u00df!!!<\/strong><\/p>\n","protected":false},"excerpt":{"rendered":"<p>Hier gibt es einen kleinen Auszug unserer Veranstaltungen. Um die Fotos anzuschauen auf ein Bild <a class=\"more-link\" href=\"https:\/\/schuetzenverein-schmuttertal-biburg.de\/?page_id=89\">weiterlesen &rarr;<\/a><\/p>\n","protected":false},"author":1,"featured_media":0,"parent":0,"menu_order":0,"comment_status":"closed","ping_status":"closed","template":"","meta":{"saved_in_kubio":false,"footnotes":""},"class_list":["post-89","page","type-page","status-publish","hentry"],"kubio_ai_page_context":{"short_desc":"","purpose":"general"},"_links":{"self":[{"href":"https:\/\/schuetzenverein-schmuttertal-biburg.de\/index.php?rest_route=\/wp\/v2\/pages\/89","targetHints":{"allow":["GET"]}}],"collection":[{"href":"https:\/\/schuetzenverein-schmuttertal-biburg.de\/index.php?rest_route=\/wp\/v2\/pages"}],"about":[{"href":"https:\/\/schuetzenverein-schmuttertal-biburg.de\/index.php?rest_route=\/wp\/v2\/types\/page"}],"author":[{"embeddable":true,"href":"https:\/\/schuetzenverein-schmuttertal-biburg.de\/index.php?rest_route=\/wp\/v2\/users\/1"}],"replies":[{"embeddable":true,"href":"https:\/\/schuetzenverein-schmuttertal-biburg.de\/index.php?rest_route=%2Fwp%2Fv2%2Fcomments&post=89"}],"version-history":[{"count":13,"href":"https:\/\/schuetzenverein-schmuttertal-biburg.de\/index.php?rest_route=\/wp\/v2\/pages\/89\/revisions"}],"predecessor-version":[{"id":2485,"href":"https:\/\/schuetzenverein-schmuttertal-biburg.de\/index.php?rest_route=\/wp\/v2\/pages\/89\/revisions\/2485"}],"wp:attachment":[{"href":"https:\/\/schuetzenverein-schmuttertal-biburg.de\/index.php?rest_route=%2Fwp%2Fv2%2Fmedia&parent=89"}],"curies":[{"name":"wp","href":"https:\/\/api.w.org\/{rel}","templated":true}]}}